{"id":975,"date":"2022-03-21T15:52:09","date_gmt":"2022-03-21T14:52:09","guid":{"rendered":"https:\/\/www.adaf04.fr\/?page_id=975"},"modified":"2026-05-06T17:28:02","modified_gmt":"2026-05-06T15:28:02","slug":"analyses-des-pratiques-professionnelles-et-coaching","status":"publish","type":"page","link":"https:\/\/www.adaf04.fr\/index.php\/analyses-des-pratiques-professionnelles-et-coaching\/","title":{"rendered":"Supervision et analyses des pratiques professionnelles"},"content":{"rendered":"\t\t<div data-elementor-type=\"wp-page\" data-elementor-id=\"975\" class=\"elementor elementor-975\" data-elementor-settings=\"[]\">\n\t\t\t\t\t\t<div class=\"elementor-inner\">\n\t\t\t\t\t\t\t<div class=\"elementor-section-wrap\">\n\t\t\t\t\t\t\t<section class=\"elementor-section elementor-top-section elementor-element elementor-element-897c3ee elementor-section-boxed elementor-section-height-default elementor-section-height-default\" data-id=\"897c3ee\" data-element_type=\"section\">\n\t\t\t\t\t\t<div class=\"elementor-container elementor-column-gap-default\">\n\t\t\t\t\t\t\t<div class=\"elementor-row\">\n\t\t\t\t\t<div class=\"elementor-column elementor-col-50 elementor-top-column elementor-element elementor-element-8f89fbb\" data-id=\"8f89fbb\" data-element_type=\"column\">\n\t\t\t<div class=\"elementor-column-wrap elementor-element-populated\">\n\t\t\t\t\t\t\t<div class=\"elementor-widget-wrap\">\n\t\t\t\t\t\t<div class=\"elementor-element elementor-element-ea8268f elementor-widget elementor-widget-text-editor\" data-id=\"ea8268f\" data-element_type=\"widget\" data-widget_type=\"text-editor.default\">\n\t\t\t\t<div class=\"elementor-widget-container\">\n\t\t\t\t\t\t\t\t<div class=\"elementor-text-editor elementor-clearfix\">\n\t\t\t\t<h2>Supervision et Analyses des pratiques professionnelles\u00a0\u00a0<\/h2><h4>Vous dirigez un service hospitalier ou une structure m\u00e9dico-sociale, et vous souhaitez proposer \u00e0 vos \u00e9quipes un espace de r\u00e9flexion et d&rsquo;\u00e9changes clinique?\u00a0<\/h4><h4>Nous vous proposons l&rsquo;expertise de notre psychologue qui saura r\u00e9pondre aux besoins de vos \u00e9quipes.<img loading=\"lazy\" class=\"size-medium wp-image-1377 aligncenter\" src=\"https:\/\/www.adaf04.fr\/wp-content\/uploads\/2024\/04\/teamwork-2198961_1280-300x200.png\" alt=\"\" width=\"300\" height=\"200\" srcset=\"https:\/\/www.adaf04.fr\/wp-content\/uploads\/2024\/04\/teamwork-2198961_1280-300x200.png 300w, https:\/\/www.adaf04.fr\/wp-content\/uploads\/2024\/04\/teamwork-2198961_1280-1024x682.png 1024w, https:\/\/www.adaf04.fr\/wp-content\/uploads\/2024\/04\/teamwork-2198961_1280-768x512.png 768w, https:\/\/www.adaf04.fr\/wp-content\/uploads\/2024\/04\/teamwork-2198961_1280-600x400.png 600w, https:\/\/www.adaf04.fr\/wp-content\/uploads\/2024\/04\/teamwork-2198961_1280.png 1280w\" sizes=\"(max-width: 300px) 100vw, 300px\" \/><\/h4><h5>Prenez contact: contact@adaf04.fr ou 06 82 44 15 91<\/h5><p>\u00a0<\/p><div>\u00a0<\/div>\t\t\t\t\t<\/div>\n\t\t\t\t\t\t<\/div>\n\t\t\t\t<\/div>\n\t\t\t\t\t\t<\/div>\n\t\t\t\t\t<\/div>\n\t\t<\/div>\n\t\t\t\t<div class=\"elementor-column elementor-col-50 elementor-top-column elementor-element elementor-element-53fc62a\" data-id=\"53fc62a\" data-element_type=\"column\">\n\t\t\t<div class=\"elementor-column-wrap elementor-element-populated\">\n\t\t\t\t\t\t\t<div class=\"elementor-widget-wrap\">\n\t\t\t\t\t\t<div class=\"elementor-element elementor-element-ce0fccb elementor-widget elementor-widget-text-editor\" data-id=\"ce0fccb\" data-element_type=\"widget\" data-widget_type=\"text-editor.default\">\n\t\t\t\t<div class=\"elementor-widget-container\">\n\t\t\t\t\t\t\t\t<div class=\"elementor-text-editor elementor-clearfix\">\n\t\t\t\t<h2 style=\"text-align: center;\">Supervision\u00a0 \u00a0pour psychologues TCC<\/h2><p><span style=\"font-weight: 400; color: #000000;\">Vous \u00eates psychologue sp\u00e9cialis\u00e9 ou orient\u00e9 en TCC et vous souhaitez b\u00e9n\u00e9ficier d&rsquo;une supervision individuelle? <\/span><\/p><p><span style=\"font-weight: 400; color: #000000;\">Dur\u00e9e: 1 heure \u00e0 la fr\u00e9quence qui vous conviendra. <\/span><\/p><p><span style=\"font-weight: 400; color: #000000;\">Pour en savoir plus: contact@adaf04.fr ou 06.82.44.15.91<\/span><\/p><p><em>Pas de groupe de supervision en cours<\/em><\/p>\t\t\t\t\t<\/div>\n\t\t\t\t\t\t<\/div>\n\t\t\t\t<\/div>\n\t\t\t\t\t\t<\/div>\n\t\t\t\t\t<\/div>\n\t\t<\/div>\n\t\t\t\t\t\t\t\t<\/div>\n\t\t\t\t\t<\/div>\n\t\t<\/section>\n\t\t\t\t\t\t<\/div>\n\t\t\t\t\t\t<\/div>\n\t\t\t\t\t<\/div>\n\t\t","protected":false},"excerpt":{"rendered":"<p>Supervision et Analyses des pratiques professionnelles\u00a0\u00a0 Vous dirigez un service hospitalier ou une structure m\u00e9dico-sociale, et vous souhaitez proposer \u00e0 vos \u00e9quipes un espace de r\u00e9flexion et d&rsquo;\u00e9changes clinique?\u00a0 Nous&hellip; <br \/> <a class=\"read-more\" href=\"https:\/\/www.adaf04.fr\/index.php\/analyses-des-pratiques-professionnelles-et-coaching\/\">Lire la suite<\/a><\/p>\n","protected":false},"author":1,"featured_media":0,"parent":0,"menu_order":0,"comment_status":"closed","ping_status":"closed","template":"","meta":[],"_links":{"self":[{"href":"https:\/\/www.adaf04.fr\/index.php\/wp-json\/wp\/v2\/pages\/975"}],"collection":[{"href":"https:\/\/www.adaf04.fr\/index.php\/wp-json\/wp\/v2\/pages"}],"about":[{"href":"https:\/\/www.adaf04.fr\/index.php\/wp-json\/wp\/v2\/types\/page"}],"author":[{"embeddable":true,"href":"https:\/\/www.adaf04.fr\/index.php\/wp-json\/wp\/v2\/users\/1"}],"replies":[{"embeddable":true,"href":"https:\/\/www.adaf04.fr\/index.php\/wp-json\/wp\/v2\/comments?post=975"}],"version-history":[{"count":29,"href":"https:\/\/www.adaf04.fr\/index.php\/wp-json\/wp\/v2\/pages\/975\/revisions"}],"predecessor-version":[{"id":2164,"href":"https:\/\/www.adaf04.fr\/index.php\/wp-json\/wp\/v2\/pages\/975\/revisions\/2164"}],"wp:attachment":[{"href":"https:\/\/www.adaf04.fr\/index.php\/wp-json\/wp\/v2\/media?parent=975"}],"curies":[{"name":"wp","href":"https:\/\/api.w.org\/{rel}","templated":true}]}}