{"id":352,"date":"2020-07-04T17:46:17","date_gmt":"2020-07-04T15:46:17","guid":{"rendered":"http:\/\/www.adaf04.fr\/?page_id=352"},"modified":"2021-07-04T14:19:48","modified_gmt":"2021-07-04T12:19:48","slug":"particuliers","status":"publish","type":"page","link":"https:\/\/www.adaf04.fr\/index.php\/particuliers\/","title":{"rendered":"Pour les particuliers"},"content":{"rendered":"\n<h4>Vous souhaitez d\u00e9velopper ou consolider une comp\u00e9tence sp\u00e9cifique pour am\u00e9liorer votre quotidien, mais vous avez peu de temps ? Nous vous proposons des formations courtes, ludiques et innovantes.<br>Certaines se passent \u00e0 100% \u00e0 distance, d&rsquo;autres sous forme d&rsquo;ateliers d&rsquo;une ou demi journ\u00e9e.<\/h4>\n\n\n\n<div class=\"wp-container-1 wp-block-buttons\">\n<div class=\"wp-block-button is-style-fill\"><a class=\"wp-block-button__link has-luminous-vivid-orange-background-color has-background\" href=\"https:\/\/www.adaf04.fr\/index.php\/2021\/04\/18\/ateliers-parentalite\/\"><span class=\"has-inline-color has-white-color\"><strong>Ateliers \u201cParentalit\u00e9\u201d<\/strong><\/span><\/a><\/div>\n\n\n\n<div class=\"wp-block-button\"><a class=\"wp-block-button__link has-vivid-green-cyan-background-color has-background\" href=\"https:\/\/www.adaf04.fr\/index.php\/2021\/04\/18\/atelier-saffirmer\/\"><strong>Ateliers \u201cs&rsquo;affirmer\u201d<\/strong><\/a><\/div>\n\n\n\n<div class=\"wp-block-button\"><a class=\"wp-block-button__link has-vivid-cyan-blue-background-color has-background\" href=\"https:\/\/www.adaf04.fr\/index.php\/2021\/04\/18\/atelier-gerer-son-stress\/\"><strong>Atelier \u201cg\u00e9rer son stress\u201d<\/strong><\/a><\/div>\n<\/div>\n\n\n\n<p><strong>NOTA : CES ITEMS SONT EN COURS D&rsquo;\u00c9LABORATION !<\/strong><\/p>\n","protected":false},"excerpt":{"rendered":"<p>Vous souhaitez d\u00e9velopper ou consolider une comp\u00e9tence sp\u00e9cifique pour am\u00e9liorer votre quotidien, mais vous avez peu de temps ? Nous vous proposons des formations courtes, ludiques et innovantes.Certaines se passent&hellip; <br \/> <a class=\"read-more\" href=\"https:\/\/www.adaf04.fr\/index.php\/particuliers\/\">Lire la suite<\/a><\/p>\n","protected":false},"author":1,"featured_media":0,"parent":0,"menu_order":0,"comment_status":"closed","ping_status":"closed","template":"","meta":[],"_links":{"self":[{"href":"https:\/\/www.adaf04.fr\/index.php\/wp-json\/wp\/v2\/pages\/352"}],"collection":[{"href":"https:\/\/www.adaf04.fr\/index.php\/wp-json\/wp\/v2\/pages"}],"about":[{"href":"https:\/\/www.adaf04.fr\/index.php\/wp-json\/wp\/v2\/types\/page"}],"author":[{"embeddable":true,"href":"https:\/\/www.adaf04.fr\/index.php\/wp-json\/wp\/v2\/users\/1"}],"replies":[{"embeddable":true,"href":"https:\/\/www.adaf04.fr\/index.php\/wp-json\/wp\/v2\/comments?post=352"}],"version-history":[{"count":10,"href":"https:\/\/www.adaf04.fr\/index.php\/wp-json\/wp\/v2\/pages\/352\/revisions"}],"predecessor-version":[{"id":734,"href":"https:\/\/www.adaf04.fr\/index.php\/wp-json\/wp\/v2\/pages\/352\/revisions\/734"}],"wp:attachment":[{"href":"https:\/\/www.adaf04.fr\/index.php\/wp-json\/wp\/v2\/media?parent=352"}],"curies":[{"name":"wp","href":"https:\/\/api.w.org\/{rel}","templated":true}]}}