{"id":340,"date":"2020-07-04T17:43:53","date_gmt":"2020-07-04T15:43:53","guid":{"rendered":"http:\/\/www.adaf04.fr\/?page_id=340"},"modified":"2026-01-13T09:58:27","modified_gmt":"2026-01-13T08:58:27","slug":"professionnels-de-sante","status":"publish","type":"page","link":"https:\/\/www.adaf04.fr\/index.php\/professionnels-de-sante\/","title":{"rendered":"Domaine de la sant\u00e9"},"content":{"rendered":"\t\t<div data-elementor-type=\"wp-page\" data-elementor-id=\"340\" class=\"elementor elementor-340\" data-elementor-settings=\"[]\">\n\t\t\t\t\t\t<div class=\"elementor-inner\">\n\t\t\t\t\t\t\t<div class=\"elementor-section-wrap\">\n\t\t\t\t\t\t\t<section class=\"elementor-section elementor-top-section elementor-element elementor-element-3098949e elementor-section-boxed elementor-section-height-default elementor-section-height-default\" data-id=\"3098949e\" data-element_type=\"section\">\n\t\t\t\t\t\t<div class=\"elementor-container elementor-column-gap-default\">\n\t\t\t\t\t\t\t<div class=\"elementor-row\">\n\t\t\t\t\t<div class=\"elementor-column elementor-col-100 elementor-top-column elementor-element elementor-element-2fdae2c3\" data-id=\"2fdae2c3\" data-element_type=\"column\">\n\t\t\t<div class=\"elementor-column-wrap elementor-element-populated\">\n\t\t\t\t\t\t\t<div class=\"elementor-widget-wrap\">\n\t\t\t\t\t\t<div class=\"elementor-element elementor-element-774ede76 elementor-hidden-mobile elementor-widget elementor-widget-text-editor\" data-id=\"774ede76\" data-element_type=\"widget\" data-widget_type=\"text-editor.default\">\n\t\t\t\t<div class=\"elementor-widget-container\">\n\t\t\t\t\t\t\t\t<div class=\"elementor-text-editor elementor-clearfix\">\n\t\t\t\t<p><!-- wp:heading {\"level\":4} --><\/p>\n<h4>Les professionnels de sant\u00e9 et de la sant\u00e9 mentale sont amen\u00e9s \u00e0 faire \u00e9voluer leur pratique tout au long de leur carri\u00e8re.\u00a0<br \/>Pour cela ils ont besoin de formations concr\u00e8tes, innovantes et sp\u00e9cialis\u00e9es.\u00a0<br \/><br \/><\/h4>\n<div>\n<p data-start=\"1475\" data-end=\"1702\">Parce que la formation en sant\u00e9 ne peut \u00eatre ni fig\u00e9e ni d\u00e9connect\u00e9e du r\u00e9el, nos formations sont\u00a0<strong data-start=\"1573\" data-end=\"1624\">pens\u00e9es par des professionnels de sant\u00e9 engag\u00e9s<\/strong>, pour des professionnels confront\u00e9s \u00e0 des situations complexes et \u00e9volutives.<\/p>\n<p data-start=\"1704\" data-end=\"1976\">Nos contenus sont r\u00e9guli\u00e8rement\u00a0<strong data-start=\"1736\" data-end=\"1860\">mis \u00e0 jour \u00e0 la lumi\u00e8re des avanc\u00e9es scientifiques, des publications r\u00e9centes et des recommandations de bonnes pratiques<\/strong>, afin de vous garantir des savoirs fiables, actuels et directement transf\u00e9rables dans votre exercice professionnel.<\/p>\n<\/div>\n<p><!-- \/wp:heading --><!-- wp:buttons --><\/p>\n<div class=\"wp-block-buttons\">\n<div class=\"wp-block-button\" style=\"text-align: left;\"><a class=\"wp-block-button__link has-vivid-green-cyan-background-color has-background\" href=\"https:\/\/www.adaf04.fr\/index.php\/2020\/09\/27\/psychiatrie-generale\/\"><strong>Psychiatrie g\u00e9n\u00e9rale<\/strong><\/a><\/div>\n<div style=\"text-align: left;\">\u00a0<\/div>\n<div class=\"wp-block-button\" style=\"text-align: left;\"><a class=\"wp-block-button__link has-vivid-cyan-blue-background-color has-background\" href=\"https:\/\/www.adaf04.fr\/index.php\/2020\/09\/27\/gerontopsychiatrie\/\"><strong>G\u00e9rontopsychiatrie<\/strong><\/a><\/div>\n<div style=\"text-align: left;\">\u00a0<\/div>\n<div class=\"wp-block-button\" style=\"text-align: left;\"><a class=\"wp-block-button__link has-luminous-vivid-orange-background-color has-background\" href=\"https:\/\/www.adaf04.fr\/index.php\/2020\/09\/27\/pedopsychiatrie\/\"><strong>P\u00e9dopsychiatrie<\/strong><\/a><\/div>\n<div style=\"text-align: left;\">\u00a0<\/div>\n<\/div>\n<div>\n<h4>Nos formations sont \u201csusceptibles d\u2019\u00eatre prises en charge par le FIF PL, le FAF PM ou autre OPCO\u201d pour plus de renseignements, rendez-vous sur notre page \u201cFinancement\u201d.\u00a0<br \/>Nos formations sont dispens\u00e9es en pr\u00e9sentiel et\/ou \u00e0 distance.<\/h4>\n<\/div>\n<p><!-- \/wp:buttons --><!-- wp:paragraph --><\/p>\n<p><!-- \/wp:paragraph --><\/p>\t\t\t\t\t<\/div>\n\t\t\t\t\t\t<\/div>\n\t\t\t\t<\/div>\n\t\t\t\t<div class=\"elementor-element elementor-element-b219494 elementor-widget elementor-widget-text-editor\" data-id=\"b219494\" data-element_type=\"widget\" data-widget_type=\"text-editor.default\">\n\t\t\t\t<div class=\"elementor-widget-container\">\n\t\t\t\t\t\t\t\t<div class=\"elementor-text-editor elementor-clearfix\">\n\t\t\t\t<p>\u00a0<\/p>\n<p>\u00a0<\/p>\t\t\t\t\t<\/div>\n\t\t\t\t\t\t<\/div>\n\t\t\t\t<\/div>\n\t\t\t\t\t\t<\/div>\n\t\t\t\t\t<\/div>\n\t\t<\/div>\n\t\t\t\t\t\t\t\t<\/div>\n\t\t\t\t\t<\/div>\n\t\t<\/section>\n\t\t\t\t\t\t<\/div>\n\t\t\t\t\t\t<\/div>\n\t\t\t\t\t<\/div>\n\t\t","protected":false},"excerpt":{"rendered":"<p>Les professionnels de sant\u00e9 et de la sant\u00e9 mentale sont amen\u00e9s \u00e0 faire \u00e9voluer leur pratique tout au long de leur carri\u00e8re.\u00a0Pour cela ils ont besoin de formations concr\u00e8tes, innovantes&hellip; <br \/> <a class=\"read-more\" href=\"https:\/\/www.adaf04.fr\/index.php\/professionnels-de-sante\/\">Lire la suite<\/a><\/p>\n","protected":false},"author":1,"featured_media":0,"parent":0,"menu_order":0,"comment_status":"closed","ping_status":"closed","template":"","meta":[],"_links":{"self":[{"href":"https:\/\/www.adaf04.fr\/index.php\/wp-json\/wp\/v2\/pages\/340"}],"collection":[{"href":"https:\/\/www.adaf04.fr\/index.php\/wp-json\/wp\/v2\/pages"}],"about":[{"href":"https:\/\/www.adaf04.fr\/index.php\/wp-json\/wp\/v2\/types\/page"}],"author":[{"embeddable":true,"href":"https:\/\/www.adaf04.fr\/index.php\/wp-json\/wp\/v2\/users\/1"}],"replies":[{"embeddable":true,"href":"https:\/\/www.adaf04.fr\/index.php\/wp-json\/wp\/v2\/comments?post=340"}],"version-history":[{"count":32,"href":"https:\/\/www.adaf04.fr\/index.php\/wp-json\/wp\/v2\/pages\/340\/revisions"}],"predecessor-version":[{"id":2072,"href":"https:\/\/www.adaf04.fr\/index.php\/wp-json\/wp\/v2\/pages\/340\/revisions\/2072"}],"wp:attachment":[{"href":"https:\/\/www.adaf04.fr\/index.php\/wp-json\/wp\/v2\/media?parent=340"}],"curies":[{"name":"wp","href":"https:\/\/api.w.org\/{rel}","templated":true}]}}