{"id":229,"date":"2020-06-20T19:52:51","date_gmt":"2020-06-20T17:52:51","guid":{"rendered":"http:\/\/www.adaf04.fr\/index.php\/mesmerize\/"},"modified":"2025-06-30T21:55:41","modified_gmt":"2025-06-30T19:55:41","slug":"mesmerize","status":"publish","type":"page","link":"https:\/\/www.adaf04.fr\/","title":{"rendered":"Front Page"},"content":{"rendered":"\t\t<div data-elementor-type=\"wp-page\" data-elementor-id=\"229\" class=\"elementor elementor-229\" data-elementor-settings=\"[]\">\n\t\t\t\t\t\t<div class=\"elementor-inner\">\n\t\t\t\t\t\t\t<div class=\"elementor-section-wrap\">\n\t\t\t\t\t\t\t<section class=\"elementor-section elementor-top-section elementor-element elementor-element-7a1d2fdf elementor-section-boxed elementor-section-height-default elementor-section-height-default\" data-id=\"7a1d2fdf\" data-element_type=\"section\">\n\t\t\t\t\t\t<div class=\"elementor-container elementor-column-gap-default\">\n\t\t\t\t\t\t\t<div class=\"elementor-row\">\n\t\t\t\t\t<div class=\"elementor-column elementor-col-100 elementor-top-column elementor-element elementor-element-1ceaa5f2\" data-id=\"1ceaa5f2\" data-element_type=\"column\">\n\t\t\t<div class=\"elementor-column-wrap elementor-element-populated\">\n\t\t\t\t\t\t\t<div class=\"elementor-widget-wrap\">\n\t\t\t\t\t\t<div class=\"elementor-element elementor-element-7b30f244 elementor-widget elementor-widget-text-editor\" data-id=\"7b30f244\" data-element_type=\"widget\" data-widget_type=\"text-editor.default\">\n\t\t\t\t<div class=\"elementor-widget-container\">\n\t\t\t\t\t\t\t\t<div class=\"elementor-text-editor elementor-clearfix\">\n\t\t\t\t<div id=\"overlappable-4\" class=\"overlappable-4 content-section content-section-spacing\" style=\"background-color: #ffffff;\" data-label=\"Overlappable\" data-id=\"overlappable-4\" data-export-id=\"overlappable-4\" data-category=\"overlappable\" data-overlap=\"true\"><div class=\"gridContainer\"><div class=\"row spaced-cols text-center\" data-type=\"row\"><div class=\"col-xs-12 col-sm-4 col-padding\"><div class=\"\" data-type=\"column\"><h4><strong>EXPERTISE<\/strong><\/h4><p class=\"\">Nos formateurs, v\u00e9ritables experts de terrain, vous transmettent une <strong>expertise<\/strong> concr\u00e8te, riche en <strong>exp\u00e9rience<\/strong>, et directement applicable dans votre pratique professionnelle. Ils vous accompagnent avec p\u00e9dagogie pour transformer leurs connaissances en <strong>comp\u00e9tences<\/strong> utiles et durables au quotidien.<\/p><\/div><\/div><div class=\"col-xs-12 col-sm-4 col-padding\"><div class=\"\" data-type=\"column\"><h4><strong>PROXIMIT\u00c9<\/strong><\/h4><p>Nous pla\u00e7ons la <strong>relation client<\/strong> au c\u0153ur de notre approche. Chaque formation est con\u00e7ue <strong>sur mesure<\/strong>. Nous travaillons en \u00e9troite <strong>collaboration<\/strong> avec vous pour offrir des solutions uniques, adapt\u00e9es \u00e0 vos <strong>besoins sp\u00e9cifiques<\/strong>, avec une attention personnalis\u00e9e.<\/p><\/div><\/div><div class=\"col-xs-12 col-sm-4 col-padding\"><div class=\"\" data-type=\"column\"><h4><strong>QUALIT\u00c9<\/strong><\/h4><p class=\"\">Depuis sa cr\u00e9ation, ADAF04 s&rsquo;engage \u00e0 garantir une <strong>qualit\u00e9<\/strong> irr\u00e9prochable. Notre certification <strong>QUALIOPI<\/strong> est le gage de notre <strong>s\u00e9rieux<\/strong> et de notre <strong>fiabilit\u00e9<\/strong>. Pour nos clients, c&rsquo;est la garantie de formations r\u00e9pondant aux <strong>exigences<\/strong> les plus \u00e9lev\u00e9es du secteur.<\/p><\/div><\/div><\/div><\/div><\/div><div id=\"about-1\" class=\"about-1 content-section\" style=\"background-color: #f5fafd;\" data-label=\"About\" data-id=\"about-1\" data-export-id=\"about-1\" data-category=\"about\"><div class=\"gridContainer\"><div class=\"row text-center\"><div class=\"section-title-col\" data-type=\"column\"><h5 class=\"\">FORMATIONS DESTINEES AUX PROFESSIONNELS ET AUX PARTICULIERS<\/h5><h2 class=\"\">Premier organisme du 04 pour\u00a0<span style=\"font-weight: bold; font-family: Playfair Display,sans-serif; font-style: italic;\">les structures m\u00e9dicales et param\u00e9dicales\u2026<\/span><\/h2><p class=\"lead\">Forts de nos exp\u00e9riences dans le milieu m\u00e9dical\/param\u00e9dical, nous proposons d\u00e9sormais nos formations aux entreprises,\u00a0 et aux particuliers<\/p><\/div><\/div><div class=\"row\"><div class=\"button-holder space-bottom space-bottom-small\" data-type=\"column\">\u00a0<\/div><div class=\"col-xs bottom-xs flexbox image-group-bottom-3-img space-bottom-xs center-xs\"><img class=\"left-img shadow-large-black\" title=\"Working at conference\" src=\"https:\/\/www.adaf04.fr\/wp-content\/uploads\/2020\/06\/formation-2.jpg\" alt=\"\" data-size=\"500x300\" \/> <img class=\"center-img shadow-large-black\" title=\"cropped-Reunion-psy.jpg\" src=\"https:\/\/www.adaf04.fr\/wp-content\/uploads\/2020\/06\/cropped-Reunion-psy.jpg\" alt=\"\" data-size=\"500x300\" \/> <img class=\"right-img shadow-large-black\" title=\"Business executives discussing with their colleagues on whiteboard\" src=\"https:\/\/www.adaf04.fr\/wp-content\/uploads\/2020\/06\/salle-de-formation.jpg\" alt=\"\" data-size=\"500x300\" \/><\/div><\/div><\/div><\/div><div id=\"features-3\" class=\"features-12-card-bordered content-section content-section-spacing \" style=\"background-color: #ffffff;\" data-label=\"Features\" data-id=\"features-12-card-bordered\" data-export-id=\"features-12-card-bordered\" data-category=\"features\"><div class=\"gridContainer\"><div class=\"row text-center\"><div class=\"section-title-col\" data-type=\"column\"><h2 class=\"\">Partage, savoir-faire, accompagnement<\/h2><p class=\"lead\">Toutes nos formations sont construites autour d\u2019une p\u00e9dagogie active qui met au premier plan l\u2019exp\u00e9rience et la mise en pratique. Mises en situation, exercices, jeux interactifs et bien d\u2019autres outils seront utilis\u00e9s pour rendre votre formation attractive et pratique. Notre veille \u201cm\u00e9tier\u201d est mobilis\u00e9e au quotidien pour vous proposer des contenus actualis\u00e9s, en accord avec la l\u00e9gislation et les bonnes pratiques.<\/p><\/div><\/div><div class=\"row spaced-cols\" data-type=\"row\"><div class=\"col-sm-6\"><div class=\"card row-card bordered y-move\"><div class=\"row\"><div class=\"col-sm-fit icon-column\">\u00a0<\/div><div class=\"col-sm\" data-type=\"column\"><h5 class=\"color2\">DOMAINE DE LA SANT\u00c9 ET DU MEDICO-SOCIAL<\/h5><p class=\"\">Prendre soin de ceux qui soignent et qui accompagnent, leur permettre de d\u00e9velopper leurs comp\u00e9tences est l\u2019ambition 1\u00e8re de notre \u00e9quipe. Nous proposons diff\u00e9rentes <strong>formations<\/strong> dans le champ de la sant\u00e9 mentale, mais \u00e9galement autour de th\u00e9matiques plus transversales\u2026<\/p><p><span style=\"color: #3366ff;\"><a class=\"link\" style=\"color: #3366ff;\" href=\"https:\/\/www.adaf04.fr\/index.php\/professionnels-de-sante\" target=\"_self\" rel=\"noopener\" data-cp-link=\"1\">Pour en savoir +<\/a><\/span><\/p><\/div><\/div><\/div><\/div><div class=\"col-sm-6\"><div class=\"card row-card bordered y-move\"><div class=\"row\"><div class=\"col-sm-fit icon-column\">\u00a0<\/div><div class=\"col-sm\" data-type=\"column\"><h5 class=\"color2\">DOMAINE DE L\u2019ENTREPRISE<\/h5><p class=\"\">Les entreprises, quelle que soit leur taille, sont des environnements o\u00f9 chacun tend \u00e0 s\u2019\u00e9panouir. ADAF04 est l\u00e0 pour vous accompagner \u00e0 diff\u00e9rents niveaux. Nous vous proposons du conseil et de l\u2019accompagnement autour de la gestion des \u00e9quipes. Nous proposons \u00e9galement des formations sp\u00e9cifiquement con\u00e7ues pour le monde de l\u2019entreprise : qualit\u00e9 de vie au travail, communication, dynamique d\u2019\u00e9quipe, gestion des conflits\u2026Ces th\u00e8mes ou d\u2019autres vous int\u00e9ressent &#8230;<\/p><p><span style=\"color: #3366ff;\"><a class=\"link\" style=\"color: #3366ff;\" href=\"https:\/\/www.adaf04.fr\/index.php\/entreprises\" target=\"_self\" rel=\"noopener\" data-cp-link=\"1\">Cliquez ici pour en savoir +<\/a><\/span><\/p><\/div><\/div><\/div><\/div><div class=\"col-sm-6\"><div class=\"card row-card bordered y-move\"><div class=\"row\"><div class=\"col-sm-fit icon-column\">\u00a0<\/div><div class=\"col-sm\" data-type=\"column\"><h5 class=\"color2\">POUR LES PARTICULIERS<\/h5><p class=\"\">Parce que nous souhaitons que chacun puisse assouvir sa soif de connaissance, nous proposons des formations-ateliers au format court. Il s\u2019agit de formations th\u00e9matiques en 4 \u00e0 7h et sp\u00e9cialement con\u00e7ues pour d\u00e9couvrir de nouvelles th\u00e9matiques.<\/p><p><span style=\"color: #3366ff;\"><a class=\"link\" style=\"color: #3366ff;\" href=\"https:\/\/www.adaf04.fr\/index.php\/particuliers\" target=\"_self\" rel=\"noopener\" data-cp-link=\"1\">Si vous \u00eates curieux\u2026.cliquez ici<\/a><\/span><\/p><\/div><\/div><\/div><\/div><\/div><\/div><\/div><div id=\"portfolio-3\" class=\"portfolio-4 content-section content-section-spacing-top\" style=\"background-color: #f5fafd;\" data-label=\"Portfolio\" data-id=\"portfolio-4\" data-export-id=\"portfolio-4\" data-category=\"portfolio\"><div class=\"\"><div class=\"row text-center\"><div class=\"section-title-col\" data-type=\"column\"><h2 class=\"\">Portfolio<\/h2><p class=\"lead\">Le d\u00e9veloppement des comp\u00e9tences ne se r\u00e9sume pas \u00e0 ce que l\u2019on apprend sur notre lieu de travail.<\/p><p>Il se nourrit de toutes nos exp\u00e9riences du quotidien.<\/p><p>Alors voici quelques exp\u00e9riences qui nourrissent notre quotidien.<\/p><\/div><\/div><div class=\"row\" data-type=\"row\" data-fixed=\"true\"><div class=\"col-xs-12 col-sm-3 no-gutter-col\"><div class=\"contentswap-effect\" data-hover-fx=\"portfolio-4\"><div class=\"initial-image\"><img src=\"https:\/\/www.adaf04.fr\/wp-content\/uploads\/2020\/04\/cropped-lac-ste-croix-verneuil.jpg\" data-size=\"542x360\" \/><\/div><div class=\"overlay bg-color1\">\u00a0<\/div><div class=\"swap-inner col-xs-12\"><div class=\"row full-height-row middle-xs middle-sm\"><div class=\"col-xs-12 text-center content-holder\">\u00a0<\/div><\/div><\/div><\/div><\/div><div class=\"col-xs-12 col-sm-3 no-gutter-col\"><div class=\"contentswap-effect\" data-hover-fx=\"portfolio-4\"><div class=\"initial-image\"><img src=\"https:\/\/www.adaf04.fr\/wp-content\/uploads\/2020\/06\/cropped-Reunion-handi.jpg\" data-size=\"542x360\" \/><\/div><div class=\"overlay bg-color1\">\u00a0<\/div><div class=\"swap-inner col-xs-12\"><div class=\"row full-height-row middle-xs middle-sm\"><div class=\"col-xs-12 text-center content-holder\">\u00a0<\/div><\/div><\/div><\/div><\/div><div class=\"col-xs-12 col-sm-3 no-gutter-col\"><div class=\"contentswap-effect\" data-hover-fx=\"portfolio-4\"><div class=\"initial-image\"><img src=\"https:\/\/www.adaf04.fr\/wp-content\/uploads\/2020\/06\/cropped-personnel-soignant-1.jpg\" data-size=\"542x360\" \/><\/div><div class=\"overlay bg-color1\">\u00a0<\/div><div class=\"swap-inner col-xs-12\"><div class=\"row full-height-row middle-xs middle-sm\"><div class=\"col-xs-12 text-center content-holder\">\u00a0<\/div><\/div><\/div><\/div><\/div><div class=\"col-xs-12 col-sm-3 no-gutter-col\"><div class=\"contentswap-effect\" data-hover-fx=\"portfolio-4\"><div class=\"initial-image\"><img src=\"https:\/\/www.adaf04.fr\/wp-content\/uploads\/2020\/06\/cropped-Burn-out.jpg\" data-size=\"542x360\" \/><\/div><div class=\"overlay bg-color1\">\u00a0<\/div><div class=\"swap-inner col-xs-12\"><div class=\"row full-height-row middle-xs middle-sm\"><div class=\"col-xs-12 text-center content-holder\">\u00a0<\/div><\/div><\/div><\/div><\/div><div class=\"col-xs-12 col-sm-3 no-gutter-col\"><div class=\"contentswap-effect\" data-hover-fx=\"portfolio-4\"><div class=\"initial-image\"><img src=\"https:\/\/www.adaf04.fr\/wp-content\/uploads\/2020\/06\/cropped-Aide-soignat-masque.jpg\" data-size=\"542x360\" \/><\/div><div class=\"overlay bg-color1\">\u00a0<\/div><div class=\"swap-inner col-xs-12\"><div class=\"row full-height-row middle-xs middle-sm\"><div class=\"col-xs-12 text-center content-holder\">\u00a0<\/div><\/div><\/div><\/div><\/div><div class=\"col-xs-12 col-sm-3 no-gutter-col\"><div class=\"contentswap-effect\" data-hover-fx=\"portfolio-4\"><div class=\"initial-image\"><img src=\"https:\/\/www.adaf04.fr\/wp-content\/uploads\/2020\/06\/cropped-Medecin-hopital-1.jpg\" data-size=\"542x360\" \/><\/div><div class=\"overlay bg-color1\">\u00a0<\/div><div class=\"swap-inner col-xs-12\"><div class=\"row full-height-row middle-xs middle-sm\"><div class=\"col-xs-12 text-center content-holder\">\u00a0<\/div><\/div><\/div><\/div><\/div><div class=\"col-xs-12 col-sm-3 no-gutter-col\"><div class=\"contentswap-effect\" data-hover-fx=\"portfolio-4\"><div class=\"initial-image\"><img src=\"https:\/\/www.adaf04.fr\/wp-content\/uploads\/2020\/06\/cropped-Valansole.jpg\" data-size=\"542x360\" \/><\/div><div class=\"overlay bg-color1\">\u00a0<\/div><div class=\"swap-inner col-xs-12\"><div class=\"row full-height-row middle-xs middle-sm\"><div class=\"col-xs-12 text-center content-holder\">\u00a0<\/div><\/div><\/div><\/div><\/div><div class=\"col-xs-12 col-sm-3 no-gutter-col\"><div class=\"contentswap-effect\" data-hover-fx=\"portfolio-4\"><div class=\"initial-image\"><img src=\"https:\/\/www.adaf04.fr\/wp-content\/uploads\/2020\/04\/cropped-lavande-png-1.png\" data-size=\"542x360\" \/><\/div><div class=\"overlay bg-color1\">\u00a0<\/div><div class=\"swap-inner col-xs-12\"><div class=\"row full-height-row middle-xs middle-sm\"><div class=\"col-xs-12 text-center content-holder\">\u00a0<\/div><\/div><\/div><\/div><\/div><\/div><\/div><\/div><div id=\"testimonials-5\" class=\"testimonials-5 content-section content-section-spacing\" style=\"background-color: #ffffff;\" data-label=\"Testimonials\" data-id=\"testimonials-5\" data-export-id=\"testimonials-5\" data-category=\"testimonials\"><div class=\"gridContainer\"><div class=\"row\"><div class=\"section-title-col\" data-type=\"column\"><h2 class=\"\">Quelques t\u00e9moignages<\/h2><p class=\"lead\">Voici quelques avis sur le retour de nos derni\u00e8res formations<\/p><\/div><\/div><div class=\"row spaced-cols content-center-sm center-sm\" data-type=\"row\"><div class=\"col-sm-4\"><div class=\"card y-move bordered\" data-type=\"column\"><p class=\"text-center\">Proximit\u00e9, \u00e9coute, rapidit\u00e9,<\/p><p>qualit\u00e9 des formateurs<\/p><p><img class=\"round icon\" title=\"cropped-Portrait-homme-1.jpg\" src=\"https:\/\/www.adaf04.fr\/wp-content\/uploads\/2020\/06\/cropped-Portrait-homme-1.jpg\" alt=\"\" \/><\/p><h6 class=\"\">Responsable FORMATION<\/h6><p class=\"small italic\">Centre Hospitalier Bu\u00ebch Durance<\/p><\/div><\/div><div class=\"col-sm-4\"><div class=\"card y-move bordered\" data-type=\"column\"><p class=\"text-center\">Qualit\u00e9 d\u2019\u00e9coute et de diagnostic<\/p><p>j\u2019appr\u00e9cie !<\/p><p><img class=\"round icon\" title=\"Portrait homme 2b\" src=\"https:\/\/www.adaf04.fr\/wp-content\/uploads\/2021\/06\/Portrait-homme-2b.jpg\" alt=\"\" \/><\/p><h6 class=\"\">Charg\u00e9 de communication<\/h6><p class=\"small italic\">Service Communication Entreprise<\/p><\/div><\/div><\/div><\/div><\/div><div id=\"contact-1\" class=\"contact-1 content-section content-section-spacing white-text\" style=\"background-image: url(;\" data-label=\"Contact\" data-id=\"contact-1\" data-export-id=\"contact-1\" data-category=\"contact\" data-parallax-depth=\"20\"><div class=\"gridContainer\"><div class=\"row text-center\"><div class=\"section-title-col\" data-type=\"column\"><h2 class=\"\">Des questions ?<\/h2><p>Une formation vous manque ?<\/p><p>Contactez-nous au 06 82 44 15 91<\/p><p>ou contact@adaf04.fr<\/p><\/div><\/div><\/div><\/div><p><!-- Created with Elementor --><\/p>\t\t\t\t\t<\/div>\n\t\t\t\t\t\t<\/div>\n\t\t\t\t<\/div>\n\t\t\t\t<div class=\"elementor-element elementor-element-610d618 elementor-view-default elementor-widget elementor-widget-icon\" data-id=\"610d618\" data-element_type=\"widget\" data-widget_type=\"icon.default\">\n\t\t\t\t<div class=\"elementor-widget-container\">\n\t\t\t\t\t<div class=\"elementor-icon-wrapper\">\n\t\t\t<div class=\"elementor-icon\">\n\t\t\t\t\t\t<\/div>\n\t\t<\/div>\n\t\t\t\t<\/div>\n\t\t\t\t<\/div>\n\t\t\t\t\t\t<\/div>\n\t\t\t\t\t<\/div>\n\t\t<\/div>\n\t\t\t\t\t\t\t\t<\/div>\n\t\t\t\t\t<\/div>\n\t\t<\/section>\n\t\t\t\t<section class=\"elementor-section elementor-top-section elementor-element elementor-element-d492564 elementor-section-boxed elementor-section-height-default elementor-section-height-default\" data-id=\"d492564\" data-element_type=\"section\">\n\t\t\t\t\t\t<div class=\"elementor-container elementor-column-gap-default\">\n\t\t\t\t\t\t\t<div class=\"elementor-row\">\n\t\t\t\t\t<div class=\"elementor-column elementor-col-100 elementor-top-column elementor-element elementor-element-e2c84b6\" data-id=\"e2c84b6\" data-element_type=\"column\">\n\t\t\t<div class=\"elementor-column-wrap elementor-element-populated\">\n\t\t\t\t\t\t\t<div class=\"elementor-widget-wrap\">\n\t\t\t\t\t\t<div class=\"elementor-element elementor-element-65758ea elementor-widget elementor-widget-text-editor\" data-id=\"65758ea\" data-element_type=\"widget\" data-widget_type=\"text-editor.default\">\n\t\t\t\t<div class=\"elementor-widget-container\">\n\t\t\t\t\t\t\t\t<div class=\"elementor-text-editor elementor-clearfix\">\n\t\t\t\t<h2 style=\"text-align: center;\">Ils nous font confiance\u00a0<\/h2><p>\u00a0<\/p>\t\t\t\t\t<\/div>\n\t\t\t\t\t\t<\/div>\n\t\t\t\t<\/div>\n\t\t\t\t\t\t<\/div>\n\t\t\t\t\t<\/div>\n\t\t<\/div>\n\t\t\t\t\t\t\t\t<\/div>\n\t\t\t\t\t<\/div>\n\t\t<\/section>\n\t\t\t\t<section class=\"elementor-section elementor-top-section elementor-element elementor-element-cf38e6a elementor-section-boxed elementor-section-height-default elementor-section-height-default\" data-id=\"cf38e6a\" data-element_type=\"section\">\n\t\t\t\t\t\t<div class=\"elementor-container elementor-column-gap-default\">\n\t\t\t\t\t\t\t<div class=\"elementor-row\">\n\t\t\t\t\t<div class=\"elementor-column elementor-col-16 elementor-top-column elementor-element elementor-element-b7a27de\" data-id=\"b7a27de\" data-element_type=\"column\">\n\t\t\t<div class=\"elementor-column-wrap elementor-element-populated\">\n\t\t\t\t\t\t\t<div class=\"elementor-widget-wrap\">\n\t\t\t\t\t\t<div class=\"elementor-element elementor-element-385f41d elementor-widget elementor-widget-image\" data-id=\"385f41d\" data-element_type=\"widget\" data-widget_type=\"image.default\">\n\t\t\t\t<div class=\"elementor-widget-container\">\n\t\t\t\t\t\t\t\t<div class=\"elementor-image\">\n\t\t\t\t\t\t\t\t\t\t\t\t<img width=\"224\" height=\"177\" src=\"https:\/\/www.adaf04.fr\/wp-content\/uploads\/2024\/04\/montperrin.jpg\" class=\"attachment-large size-large\" alt=\"\" loading=\"lazy\" \/>\t\t\t\t\t\t\t\t\t\t\t\t\t\t<\/div>\n\t\t\t\t\t\t<\/div>\n\t\t\t\t<\/div>\n\t\t\t\t\t\t<\/div>\n\t\t\t\t\t<\/div>\n\t\t<\/div>\n\t\t\t\t<div class=\"elementor-column elementor-col-16 elementor-top-column elementor-element elementor-element-5fbac04\" data-id=\"5fbac04\" data-element_type=\"column\">\n\t\t\t<div class=\"elementor-column-wrap elementor-element-populated\">\n\t\t\t\t\t\t\t<div class=\"elementor-widget-wrap\">\n\t\t\t\t\t\t<div class=\"elementor-element elementor-element-525b268 elementor-widget elementor-widget-image\" data-id=\"525b268\" data-element_type=\"widget\" data-widget_type=\"image.default\">\n\t\t\t\t<div class=\"elementor-widget-container\">\n\t\t\t\t\t\t\t\t<div class=\"elementor-image\">\n\t\t\t\t\t\t\t\t\t\t\t\t<img width=\"284\" height=\"177\" src=\"https:\/\/www.adaf04.fr\/wp-content\/uploads\/2024\/04\/orpea.png\" class=\"attachment-large size-large\" alt=\"\" loading=\"lazy\" \/>\t\t\t\t\t\t\t\t\t\t\t\t\t\t<\/div>\n\t\t\t\t\t\t<\/div>\n\t\t\t\t<\/div>\n\t\t\t\t\t\t<\/div>\n\t\t\t\t\t<\/div>\n\t\t<\/div>\n\t\t\t\t<div class=\"elementor-column elementor-col-16 elementor-top-column elementor-element elementor-element-74cee73\" data-id=\"74cee73\" data-element_type=\"column\">\n\t\t\t<div class=\"elementor-column-wrap elementor-element-populated\">\n\t\t\t\t\t\t\t<div class=\"elementor-widget-wrap\">\n\t\t\t\t\t\t<div class=\"elementor-element elementor-element-face569 elementor-widget elementor-widget-image\" data-id=\"face569\" data-element_type=\"widget\" data-widget_type=\"image.default\">\n\t\t\t\t<div class=\"elementor-widget-container\">\n\t\t\t\t\t\t\t\t<div class=\"elementor-image\">\n\t\t\t\t\t\t\t\t\t\t\t\t<img width=\"200\" height=\"138\" src=\"https:\/\/www.adaf04.fr\/wp-content\/uploads\/2024\/04\/digne.jpg\" class=\"attachment-large size-large\" alt=\"\" loading=\"lazy\" \/>\t\t\t\t\t\t\t\t\t\t\t\t\t\t<\/div>\n\t\t\t\t\t\t<\/div>\n\t\t\t\t<\/div>\n\t\t\t\t\t\t<\/div>\n\t\t\t\t\t<\/div>\n\t\t<\/div>\n\t\t\t\t<div class=\"elementor-column elementor-col-16 elementor-top-column elementor-element elementor-element-da6313e\" data-id=\"da6313e\" data-element_type=\"column\">\n\t\t\t<div class=\"elementor-column-wrap elementor-element-populated\">\n\t\t\t\t\t\t\t<div class=\"elementor-widget-wrap\">\n\t\t\t\t\t\t<div class=\"elementor-element elementor-element-529045b elementor-widget elementor-widget-image\" data-id=\"529045b\" data-element_type=\"widget\" data-widget_type=\"image.default\">\n\t\t\t\t<div class=\"elementor-widget-container\">\n\t\t\t\t\t\t\t\t<div class=\"elementor-image\">\n\t\t\t\t\t\t\t\t\t\t\t\t<img width=\"260\" height=\"194\" src=\"https:\/\/www.adaf04.fr\/wp-content\/uploads\/2024\/04\/CHBD.png\" class=\"attachment-large size-large\" alt=\"\" loading=\"lazy\" \/>\t\t\t\t\t\t\t\t\t\t\t\t\t\t<\/div>\n\t\t\t\t\t\t<\/div>\n\t\t\t\t<\/div>\n\t\t\t\t\t\t<\/div>\n\t\t\t\t\t<\/div>\n\t\t<\/div>\n\t\t\t\t<div class=\"elementor-column elementor-col-16 elementor-top-column elementor-element elementor-element-ea8f208\" data-id=\"ea8f208\" data-element_type=\"column\">\n\t\t\t<div class=\"elementor-column-wrap elementor-element-populated\">\n\t\t\t\t\t\t\t<div class=\"elementor-widget-wrap\">\n\t\t\t\t\t\t<div class=\"elementor-element elementor-element-c2fc79b elementor-widget elementor-widget-image\" data-id=\"c2fc79b\" data-element_type=\"widget\" data-widget_type=\"image.default\">\n\t\t\t\t<div class=\"elementor-widget-container\">\n\t\t\t\t\t\t\t\t<div class=\"elementor-image\">\n\t\t\t\t\t\t\t\t\t\t\t\t<img width=\"370\" height=\"136\" src=\"https:\/\/www.adaf04.fr\/wp-content\/uploads\/2024\/04\/cd04.png\" class=\"attachment-large size-large\" alt=\"\" loading=\"lazy\" srcset=\"https:\/\/www.adaf04.fr\/wp-content\/uploads\/2024\/04\/cd04.png 370w, https:\/\/www.adaf04.fr\/wp-content\/uploads\/2024\/04\/cd04-300x110.png 300w\" sizes=\"(max-width: 370px) 100vw, 370px\" \/>\t\t\t\t\t\t\t\t\t\t\t\t\t\t<\/div>\n\t\t\t\t\t\t<\/div>\n\t\t\t\t<\/div>\n\t\t\t\t<div class=\"elementor-element elementor-element-fa7a844 elementor-widget elementor-widget-image\" data-id=\"fa7a844\" data-element_type=\"widget\" data-widget_type=\"image.default\">\n\t\t\t\t<div class=\"elementor-widget-container\">\n\t\t\t\t\t\t\t\t<div class=\"elementor-image\">\n\t\t\t\t\t\t\t\t\t\t\t\t<img width=\"375\" height=\"134\" src=\"https:\/\/www.adaf04.fr\/wp-content\/uploads\/2024\/04\/adrh.png\" class=\"attachment-large size-large\" alt=\"\" loading=\"lazy\" srcset=\"https:\/\/www.adaf04.fr\/wp-content\/uploads\/2024\/04\/adrh.png 375w, https:\/\/www.adaf04.fr\/wp-content\/uploads\/2024\/04\/adrh-300x107.png 300w\" sizes=\"(max-width: 375px) 100vw, 375px\" \/>\t\t\t\t\t\t\t\t\t\t\t\t\t\t<\/div>\n\t\t\t\t\t\t<\/div>\n\t\t\t\t<\/div>\n\t\t\t\t\t\t<\/div>\n\t\t\t\t\t<\/div>\n\t\t<\/div>\n\t\t\t\t<div class=\"elementor-column elementor-col-16 elementor-top-column elementor-element elementor-element-7016248\" data-id=\"7016248\" data-element_type=\"column\">\n\t\t\t<div class=\"elementor-column-wrap elementor-element-populated\">\n\t\t\t\t\t\t\t<div class=\"elementor-widget-wrap\">\n\t\t\t\t\t\t<div class=\"elementor-element elementor-element-e261ecb elementor-widget elementor-widget-image\" data-id=\"e261ecb\" data-element_type=\"widget\" data-widget_type=\"image.default\">\n\t\t\t\t<div class=\"elementor-widget-container\">\n\t\t\t\t\t\t\t\t<div class=\"elementor-image\">\n\t\t\t\t\t\t\t\t\t<figure class=\"wp-caption\">\n\t\t\t\t\t\t\t\t\t\t<img width=\"214\" height=\"235\" src=\"https:\/\/www.adaf04.fr\/wp-content\/uploads\/2024\/04\/ARLO.jpg\" class=\"attachment-large size-large\" alt=\"\" loading=\"lazy\" \/>\t\t\t\t\t\t\t\t\t\t\t<figcaption class=\"widget-image-caption wp-caption-text\">R\u00e9seau Loz\u00e8re Autonomie <\/figcaption>\n\t\t\t\t\t\t\t\t\t\t<\/figure>\n\t\t\t\t\t\t\t\t<\/div>\n\t\t\t\t\t\t<\/div>\n\t\t\t\t<\/div>\n\t\t\t\t\t\t<\/div>\n\t\t\t\t\t<\/div>\n\t\t<\/div>\n\t\t\t\t\t\t\t\t<\/div>\n\t\t\t\t\t<\/div>\n\t\t<\/section>\n\t\t\t\t\t\t<\/div>\n\t\t\t\t\t\t<\/div>\n\t\t\t\t\t<\/div>\n\t\t","protected":false},"excerpt":{"rendered":"","protected":false},"author":1,"featured_media":0,"parent":0,"menu_order":0,"comment_status":"closed","ping_status":"closed","template":"","meta":[],"_links":{"self":[{"href":"https:\/\/www.adaf04.fr\/index.php\/wp-json\/wp\/v2\/pages\/229"}],"collection":[{"href":"https:\/\/www.adaf04.fr\/index.php\/wp-json\/wp\/v2\/pages"}],"about":[{"href":"https:\/\/www.adaf04.fr\/index.php\/wp-json\/wp\/v2\/types\/page"}],"author":[{"embeddable":true,"href":"https:\/\/www.adaf04.fr\/index.php\/wp-json\/wp\/v2\/users\/1"}],"replies":[{"embeddable":true,"href":"https:\/\/www.adaf04.fr\/index.php\/wp-json\/wp\/v2\/comments?post=229"}],"version-history":[{"count":109,"href":"https:\/\/www.adaf04.fr\/index.php\/wp-json\/wp\/v2\/pages\/229\/revisions"}],"predecessor-version":[{"id":1796,"href":"https:\/\/www.adaf04.fr\/index.php\/wp-json\/wp\/v2\/pages\/229\/revisions\/1796"}],"wp:attachment":[{"href":"https:\/\/www.adaf04.fr\/index.php\/wp-json\/wp\/v2\/media?parent=229"}],"curies":[{"name":"wp","href":"https:\/\/api.w.org\/{rel}","templated":true}]}}