{"id":1852,"date":"2025-04-01T16:58:19","date_gmt":"2025-04-01T14:58:19","guid":{"rendered":"https:\/\/www.adaf04.fr\/?page_id=1852"},"modified":"2025-04-17T12:00:12","modified_gmt":"2025-04-17T10:00:12","slug":"management","status":"publish","type":"page","link":"https:\/\/www.adaf04.fr\/index.php\/management\/","title":{"rendered":"Management"},"content":{"rendered":"\t\t<div data-elementor-type=\"wp-page\" data-elementor-id=\"1852\" class=\"elementor elementor-1852\" data-elementor-settings=\"[]\">\n\t\t\t\t\t\t<div class=\"elementor-inner\">\n\t\t\t\t\t\t\t<div class=\"elementor-section-wrap\">\n\t\t\t\t\t\t\t<section class=\"elementor-section elementor-top-section elementor-element elementor-element-5fd36d9 elementor-section-boxed elementor-section-height-default elementor-section-height-default\" data-id=\"5fd36d9\" data-element_type=\"section\">\n\t\t\t\t\t\t<div class=\"elementor-container elementor-column-gap-default\">\n\t\t\t\t\t\t\t<div class=\"elementor-row\">\n\t\t\t\t\t<div class=\"elementor-column elementor-col-100 elementor-top-column elementor-element elementor-element-5de665a\" data-id=\"5de665a\" data-element_type=\"column\">\n\t\t\t<div class=\"elementor-column-wrap elementor-element-populated\">\n\t\t\t\t\t\t\t<div class=\"elementor-widget-wrap\">\n\t\t\t\t\t\t<div class=\"elementor-element elementor-element-019a5a0 elementor-widget elementor-widget-text-editor\" data-id=\"019a5a0\" data-element_type=\"widget\" data-widget_type=\"text-editor.default\">\n\t\t\t\t<div class=\"elementor-widget-container\">\n\t\t\t\t\t\t\t\t<div class=\"elementor-text-editor elementor-clearfix\">\n\t\t\t\t<ul><li><h3><span class=\"OYPEnA font-feature-liga-off font-feature-clig-off font-feature-calt-off text-decoration-none text-strikethrough-none\"><span style=\"font-weight: 400;\">\ud83e\udde0 <\/span><span style=\"color: #333333;\">IA g\u00e9n\u00e9rative au service des dirigeants, des managers et des organisations.<\/span><\/span><\/h3><\/li><\/ul>\t\t\t\t\t<\/div>\n\t\t\t\t\t\t<\/div>\n\t\t\t\t<\/div>\n\t\t\t\t\t\t<\/div>\n\t\t\t\t\t<\/div>\n\t\t<\/div>\n\t\t\t\t\t\t\t\t<\/div>\n\t\t\t\t\t<\/div>\n\t\t<\/section>\n\t\t\t\t<section class=\"elementor-section elementor-top-section elementor-element elementor-element-2508af9 elementor-section-boxed elementor-section-height-default elementor-section-height-default\" data-id=\"2508af9\" data-element_type=\"section\">\n\t\t\t\t\t\t<div class=\"elementor-container elementor-column-gap-default\">\n\t\t\t\t\t\t\t<div class=\"elementor-row\">\n\t\t\t\t\t<div class=\"elementor-column elementor-col-100 elementor-top-column elementor-element elementor-element-c6cbaa1\" data-id=\"c6cbaa1\" data-element_type=\"column\">\n\t\t\t<div class=\"elementor-column-wrap elementor-element-populated\">\n\t\t\t\t\t\t\t<div class=\"elementor-widget-wrap\">\n\t\t\t\t\t\t<div class=\"elementor-element elementor-element-8c58f4d elementor-widget elementor-widget-text-editor\" data-id=\"8c58f4d\" data-element_type=\"widget\" data-widget_type=\"text-editor.default\">\n\t\t\t\t<div class=\"elementor-widget-container\">\n\t\t\t\t\t\t\t\t<div class=\"elementor-text-editor elementor-clearfix\">\n\t\t\t\t<p>Formation en intra ou en inter (lieux \u00e0 d\u00e9finir selon le groupe), 12 personnes maximum\u00a0<\/p><p><img class=\"emoji\" role=\"img\" draggable=\"false\" src=\"https:\/\/s.w.org\/images\/core\/emoji\/13.1.0\/svg\/23f3.svg\" alt=\"\u23f3\" \/>Dur\u00e9e: 2 jours<\/p><p><span style=\"font-weight: 400;\"><img class=\"emoji\" role=\"img\" draggable=\"false\" src=\"https:\/\/s.w.org\/images\/core\/emoji\/13.1.0\/svg\/1f465.svg\" alt=\"\ud83d\udc65\" \/><\/span>Modalit\u00e9s: en pr\u00e9sentiel\u00a0<\/p><p><span class=\"OYPEnA font-feature-liga-off font-feature-clig-off font-feature-calt-off text-decoration-none text-strikethrough-none\">Ce programme est con\u00e7u pour vous permettre d\u2019acqu\u00e9rir des bases solides sur l\u2019IA g\u00e9n\u00e9rative et d\u2019envisager des applications concr\u00e8tes adapt\u00e9es \u00e0 votre environnement. Il int\u00e8gre \u00e0 la fois des apports th\u00e9oriques, des mises en pratique et des r\u00e9flexions strat\u00e9giques pour une adoption \u00e9thique et efficace.<\/span><\/p><p><span class=\"OYPEnA font-feature-liga-off font-feature-clig-off font-feature-calt-off text-decoration-none text-strikethrough-none\"><img class=\"emoji\" role=\"img\" draggable=\"false\" src=\"https:\/\/s.w.org\/images\/core\/emoji\/13.1.0\/svg\/2705.svg\" alt=\"\u2705\" \/> <strong data-start=\"331\" data-end=\"361\">Ma\u00eetrise des concepts cl\u00e9s<\/strong> : r\u00e9seaux neuronaux, NLP (traitement du langage naturel), mod\u00e8les d\u2019IA g\u00e9n\u00e9rative (GPT, Mistral, diffusion d\u2019images, etc.)<br data-start=\"484\" data-end=\"487\" \/><img class=\"emoji\" role=\"img\" draggable=\"false\" src=\"https:\/\/s.w.org\/images\/core\/emoji\/13.1.0\/svg\/2705.svg\" alt=\"\u2705\" \/> <strong data-start=\"489\" data-end=\"523\">Exp\u00e9rience pratique des outils<\/strong> : ChatGPT, Mistral, DALL\u00b7E, Midjourney, Synthesia, etc.<br data-start=\"590\" data-end=\"593\" \/><img class=\"emoji\" role=\"img\" draggable=\"false\" src=\"https:\/\/s.w.org\/images\/core\/emoji\/13.1.0\/svg\/2705.svg\" alt=\"\u2705\" \/> <strong data-start=\"595\" data-end=\"638\">Compr\u00e9hension des enjeux technologiques<\/strong> : Biais algorithmiques, RGPD, impact environnemental de l\u2019IA<\/span><\/p><p><img class=\"emoji\" role=\"img\" draggable=\"false\" src=\"https:\/\/s.w.org\/images\/core\/emoji\/13.1.0\/svg\/2705.svg\" alt=\"\u2705\" \/> <strong data-start=\"918\" data-end=\"959\">Comp\u00e9tences en conduite du changement<\/strong> : Sensibilisation, adoption des nouvelles technologies, formation des \u00e9quipes<br data-start=\"1037\" data-end=\"1040\" \/><img class=\"emoji\" role=\"img\" draggable=\"false\" src=\"https:\/\/s.w.org\/images\/core\/emoji\/13.1.0\/svg\/2705.svg\" alt=\"\u2705\" \/> <strong data-start=\"1042\" data-end=\"1084\">Gestion des risques et \u00e9thique de l\u2019IA<\/strong> : Impact de l\u2019IA sur la prise de d\u00e9cision, cadre juridique<\/p><p class=\"cvGsUA direction-ltr align-center para-style-body\"><span class=\"OYPEnA font-feature-liga-off font-feature-clig-off font-feature-calt-off text-decoration-none text-strikethrough-none\">B\u00e9n\u00e9ficiez d&rsquo;une p\u00e9dagogie active <\/span><span class=\"OYPEnA font-feature-liga-off font-feature-clig-off font-feature-calt-off text-decoration-none text-strikethrough-none\">qui mise sur la pratique, la r\u00e9flexion et le partage d\u2019exp\u00e9rience!<\/span><\/p><p><img class=\"emoji\" role=\"img\" draggable=\"false\" src=\"https:\/\/s.w.org\/images\/core\/emoji\/13.1.0\/svg\/1f449.svg\" alt=\"\ud83d\udc49\" \/> <a href=\"https:\/\/forms.gle\/VC9YTm6u1PAtubSR6\">Inscription<\/a><\/p>\t\t\t\t\t<\/div>\n\t\t\t\t\t\t<\/div>\n\t\t\t\t<\/div>\n\t\t\t\t\t\t<\/div>\n\t\t\t\t\t<\/div>\n\t\t<\/div>\n\t\t\t\t\t\t\t\t<\/div>\n\t\t\t\t\t<\/div>\n\t\t<\/section>\n\t\t\t\t<section class=\"elementor-section elementor-top-section elementor-element elementor-element-738e82f elementor-section-boxed elementor-section-height-default elementor-section-height-default\" data-id=\"738e82f\" data-element_type=\"section\">\n\t\t\t\t\t\t<div class=\"elementor-container elementor-column-gap-default\">\n\t\t\t\t\t\t\t<div class=\"elementor-row\">\n\t\t\t\t\t<div class=\"elementor-column elementor-col-100 elementor-top-column elementor-element elementor-element-8023543\" data-id=\"8023543\" data-element_type=\"column\">\n\t\t\t<div class=\"elementor-column-wrap elementor-element-populated\">\n\t\t\t\t\t\t\t<div class=\"elementor-widget-wrap\">\n\t\t\t\t\t\t<div class=\"elementor-element elementor-element-bf3df69 elementor-widget elementor-widget-button\" data-id=\"bf3df69\" data-element_type=\"widget\" data-widget_type=\"button.default\">\n\t\t\t\t<div class=\"elementor-widget-container\">\n\t\t\t\t\t<div class=\"elementor-button-wrapper\">\n\t\t\t<a href=\"https:\/\/www.adaf04.fr\/wp-content\/uploads\/2025\/04\/Fiche-IA-generative.pdf\" class=\"elementor-button-link elementor-button elementor-size-sm\" role=\"button\">\n\t\t\t\t\t\t<span class=\"elementor-button-content-wrapper\">\n\t\t\t\t\t\t<span class=\"elementor-button-text\">Programme et tarif<\/span>\n\t\t<\/span>\n\t\t\t\t\t<\/a>\n\t\t<\/div>\n\t\t\t\t<\/div>\n\t\t\t\t<\/div>\n\t\t\t\t\t\t<\/div>\n\t\t\t\t\t<\/div>\n\t\t<\/div>\n\t\t\t\t\t\t\t\t<\/div>\n\t\t\t\t\t<\/div>\n\t\t<\/section>\n\t\t\t\t\t\t<\/div>\n\t\t\t\t\t\t<\/div>\n\t\t\t\t\t<\/div>\n\t\t","protected":false},"excerpt":{"rendered":"<p>\ud83e\udde0 IA g\u00e9n\u00e9rative au service des dirigeants, des managers et des organisations. Formation en intra ou en inter (lieux \u00e0 d\u00e9finir selon le groupe), 12 personnes maximum\u00a0 Dur\u00e9e: 2 jours&hellip; <br \/> <a class=\"read-more\" href=\"https:\/\/www.adaf04.fr\/index.php\/management\/\">Lire la suite<\/a><\/p>\n","protected":false},"author":1,"featured_media":0,"parent":0,"menu_order":0,"comment_status":"closed","ping_status":"closed","template":"","meta":[],"_links":{"self":[{"href":"https:\/\/www.adaf04.fr\/index.php\/wp-json\/wp\/v2\/pages\/1852"}],"collection":[{"href":"https:\/\/www.adaf04.fr\/index.php\/wp-json\/wp\/v2\/pages"}],"about":[{"href":"https:\/\/www.adaf04.fr\/index.php\/wp-json\/wp\/v2\/types\/page"}],"author":[{"embeddable":true,"href":"https:\/\/www.adaf04.fr\/index.php\/wp-json\/wp\/v2\/users\/1"}],"replies":[{"embeddable":true,"href":"https:\/\/www.adaf04.fr\/index.php\/wp-json\/wp\/v2\/comments?post=1852"}],"version-history":[{"count":16,"href":"https:\/\/www.adaf04.fr\/index.php\/wp-json\/wp\/v2\/pages\/1852\/revisions"}],"predecessor-version":[{"id":1923,"href":"https:\/\/www.adaf04.fr\/index.php\/wp-json\/wp\/v2\/pages\/1852\/revisions\/1923"}],"wp:attachment":[{"href":"https:\/\/www.adaf04.fr\/index.php\/wp-json\/wp\/v2\/media?parent=1852"}],"curies":[{"name":"wp","href":"https:\/\/api.w.org\/{rel}","templated":true}]}}