{"id":1275,"date":"2024-03-21T14:19:20","date_gmt":"2024-03-21T13:19:20","guid":{"rendered":"https:\/\/www.adaf04.fr\/?page_id=1275"},"modified":"2025-02-20T17:39:32","modified_gmt":"2025-02-20T16:39:32","slug":"elementor-1275","status":"publish","type":"page","link":"https:\/\/www.adaf04.fr\/index.php\/elementor-1275\/","title":{"rendered":"Modalit\u00e9s d&rsquo;acc\u00e8s"},"content":{"rendered":"\t\t<div data-elementor-type=\"wp-page\" data-elementor-id=\"1275\" class=\"elementor elementor-1275\" data-elementor-settings=\"[]\">\n\t\t\t\t\t\t<div class=\"elementor-inner\">\n\t\t\t\t\t\t\t<div class=\"elementor-section-wrap\">\n\t\t\t\t\t\t\t<section class=\"elementor-section elementor-top-section elementor-element elementor-element-6af64d2 elementor-section-boxed elementor-section-height-default elementor-section-height-default\" data-id=\"6af64d2\" data-element_type=\"section\">\n\t\t\t\t\t\t<div class=\"elementor-container elementor-column-gap-default\">\n\t\t\t\t\t\t\t<div class=\"elementor-row\">\n\t\t\t\t\t<div class=\"elementor-column elementor-col-100 elementor-top-column elementor-element elementor-element-1cbd7f2\" data-id=\"1cbd7f2\" data-element_type=\"column\">\n\t\t\t<div class=\"elementor-column-wrap elementor-element-populated\">\n\t\t\t\t\t\t\t<div class=\"elementor-widget-wrap\">\n\t\t\t\t\t\t<div class=\"elementor-element elementor-element-821c89e elementor-widget elementor-widget-heading\" data-id=\"821c89e\" data-element_type=\"widget\" data-widget_type=\"heading.default\">\n\t\t\t\t<div class=\"elementor-widget-container\">\n\t\t\t<h2 class=\"elementor-heading-title elementor-size-default\">Modalit\u00e9s d'acc\u00e8s \u00e0 votre formation <\/h2>\t\t<\/div>\n\t\t\t\t<\/div>\n\t\t\t\t\t\t<\/div>\n\t\t\t\t\t<\/div>\n\t\t<\/div>\n\t\t\t\t\t\t\t\t<\/div>\n\t\t\t\t\t<\/div>\n\t\t<\/section>\n\t\t\t\t<section class=\"elementor-section elementor-top-section elementor-element elementor-element-59c8502 elementor-section-boxed elementor-section-height-default elementor-section-height-default\" data-id=\"59c8502\" data-element_type=\"section\">\n\t\t\t\t\t\t<div class=\"elementor-container elementor-column-gap-default\">\n\t\t\t\t\t\t\t<div class=\"elementor-row\">\n\t\t\t\t\t<div class=\"elementor-column elementor-col-100 elementor-top-column elementor-element elementor-element-2cd10d3\" data-id=\"2cd10d3\" data-element_type=\"column\">\n\t\t\t<div class=\"elementor-column-wrap elementor-element-populated\">\n\t\t\t\t\t\t\t<div class=\"elementor-widget-wrap\">\n\t\t\t\t\t\t<div class=\"elementor-element elementor-element-b329378 elementor-widget elementor-widget-text-editor\" data-id=\"b329378\" data-element_type=\"widget\" data-widget_type=\"text-editor.default\">\n\t\t\t\t<div class=\"elementor-widget-container\">\n\t\t\t\t\t\t\t\t<div class=\"elementor-text-editor elementor-clearfix\">\n\t\t\t\t<h3><strong>Formation en E-learning<\/strong><\/h3><ul><li>Une de nos formation en E-learning vous int\u00e9resse? Inscrivez-vous directement gr\u00e2ce au<a href=\"https:\/\/docs.google.com\/forms\/d\/e\/1FAIpQLSfuZoEHyQTsjnrgh6Po-VB8fSzkwoSL5iw0LZJT2_JCbhekTA\/viewform?usp=dialog\"><strong> formulaire en ligne.<\/strong><\/a><\/li><li>Lorsque nous aurons re\u00e7u votre inscription, nous vous enverrons une convention de formation \u00e0 signer, un tutoriel d&rsquo;utilisation de la plateforme de E-learning.\u00a0<\/li><li>D\u00e8s que nous recevons votre convention sign\u00e9e et le r\u00e8glement, nous ouvrons vos acc\u00e8s sur la plateforme.\u00a0Vous recevez un mail vous informant de l&rsquo;ouverture de votre espace de formation. Attention ce mail arrive parfois dans les mails ind\u00e9sirables.<\/li><li>Une fois sur la plateforme, vous \u00eates chez vous! Vous avez acc\u00e8s au contenu de formation, au forum ainsi qu&rsquo;\u00e0 la messagerie interne.\u00a0<\/li><li>En cas de difficult\u00e9 en lien avec le contenu, vous pouvez nous contacter formation@adaf04.fr et si la difficult\u00e9 concerne la partie technique (informatique) support@adaf04.fr<\/li><li>Le d\u00e9lai\u00a0 pour effectuer votre formation: Vos droits sur la plateforme sont ouverts pour un an. N\u00e9anmoins nous vous encourageons \u00e0 r\u00e9aliser votre formation dans un d\u00e9lai plus court afin de b\u00e9n\u00e9ficier pleinement de la p\u00e9dagogie active de nos formations. Vous pourrez utiliser le temps restant pour revenir sur des contenus, t\u00e9l\u00e9charger vos documents, refaire des exercices, poser des questions sur le forum.\u00a0<\/li><li>La date de d\u00e9but correspond au jour d&rsquo;ouverture des droits sur la plateforme (envoi du mail de connexion \u00e0 l&rsquo;apprenant).\u00a0<\/li><\/ul><p><a href=\"https:\/\/www.adaf04.fr\/wp-content\/uploads\/2025\/02\/modalites-dacces-E-learning.pdf\">T\u00e9l\u00e9chargez la fiche chronologique (modalit\u00e9s d&rsquo;acc\u00e8s et d&rsquo;inscription)<\/a><\/p><h3>Formations en intra (chez le client)<\/h3><ul><li>ADAF04 r\u00e9pond \u00e0 un cahier des charges sp\u00e9cifique afin de s&rsquo;ajuster \u00e0 vos besoins .<\/li><li>Les modalit\u00e9s d&rsquo;acc\u00e8s \u00e0 la formation d\u00e9pendent du client, et de ses contraintes.\u00a0<\/li><\/ul>\t\t\t\t\t<\/div>\n\t\t\t\t\t\t<\/div>\n\t\t\t\t<\/div>\n\t\t\t\t\t\t<\/div>\n\t\t\t\t\t<\/div>\n\t\t<\/div>\n\t\t\t\t\t\t\t\t<\/div>\n\t\t\t\t\t<\/div>\n\t\t<\/section>\n\t\t\t\t<section class=\"elementor-section elementor-top-section elementor-element elementor-element-ccd4793 elementor-section-boxed elementor-section-height-default elementor-section-height-default\" data-id=\"ccd4793\" data-element_type=\"section\">\n\t\t\t\t\t\t<div class=\"elementor-container elementor-column-gap-default\">\n\t\t\t\t\t\t\t<div class=\"elementor-row\">\n\t\t\t\t\t<div class=\"elementor-column elementor-col-100 elementor-top-column elementor-element elementor-element-92641e4\" data-id=\"92641e4\" data-element_type=\"column\">\n\t\t\t<div class=\"elementor-column-wrap elementor-element-populated\">\n\t\t\t\t\t\t\t<div class=\"elementor-widget-wrap\">\n\t\t\t\t\t\t<div class=\"elementor-element elementor-element-857dedb elementor-widget elementor-widget-text-editor\" data-id=\"857dedb\" data-element_type=\"widget\" data-widget_type=\"text-editor.default\">\n\t\t\t\t<div class=\"elementor-widget-container\">\n\t\t\t\t\t\t\t\t<div class=\"elementor-text-editor elementor-clearfix\">\n\t\t\t\t<p><span style=\"color: #999999;\"><em><a style=\"color: #999999;\" href=\"https:\/\/www.adaf04.fr\/wp-content\/uploads\/2024\/03\/RI_ADAF04_032024.pdf\">R\u00e8glement int\u00e9rieur&nbsp;<\/a><\/em><\/span><\/p>\n<p><span style=\"color: #999999;\"><em><a style=\"color: #999999;\" href=\"https:\/\/www.adaf04.fr\/wp-content\/uploads\/2024\/03\/Convention-de-formation-ADAF04-V_03_2024.pdf\">CGV<\/a><\/em><\/span><\/p>\n<p><span style=\"color: #999999;\"><em><a style=\"color: #999999;\" href=\"https:\/\/1drv.ms\/b\/c\/cf098948ca6b750f\/ERTWDEJFI79Fp153nQQ07eEBW7oR0BPaJiHVIC1F98pi9g?e=40hFcx\">CGV E-learning<\/a><\/em><\/span><\/p>\n<p><br><\/p>\t\t\t\t\t<\/div>\n\t\t\t\t\t\t<\/div>\n\t\t\t\t<\/div>\n\t\t\t\t\t\t<\/div>\n\t\t\t\t\t<\/div>\n\t\t<\/div>\n\t\t\t\t\t\t\t\t<\/div>\n\t\t\t\t\t<\/div>\n\t\t<\/section>\n\t\t\t\t<section class=\"elementor-section elementor-top-section elementor-element elementor-element-5e75980 elementor-section-boxed elementor-section-height-default elementor-section-height-default\" data-id=\"5e75980\" data-element_type=\"section\">\n\t\t\t\t\t\t<div class=\"elementor-container elementor-column-gap-default\">\n\t\t\t\t\t\t\t<div class=\"elementor-row\">\n\t\t\t\t\t<div class=\"elementor-column elementor-col-100 elementor-top-column elementor-element elementor-element-f892de3\" data-id=\"f892de3\" data-element_type=\"column\">\n\t\t\t<div class=\"elementor-column-wrap elementor-element-populated\">\n\t\t\t\t\t\t\t<div class=\"elementor-widget-wrap\">\n\t\t\t\t\t\t<div class=\"elementor-element elementor-element-0b97e51 elementor-widget elementor-widget-text-editor\" data-id=\"0b97e51\" data-element_type=\"widget\" data-widget_type=\"text-editor.default\">\n\t\t\t\t<div class=\"elementor-widget-container\">\n\t\t\t\t\t\t\t\t<div class=\"elementor-text-editor elementor-clearfix\">\n\t\t\t\t<h6><span style=\"color: #999999; font-family: Muli, sans-serif; font-size: 14px; font-style: italic; font-weight: 800; letter-spacing: 3px; word-spacing: 2.8px;\">Mise \u00e0 jour le 20\/02\/2025<\/span><\/h6>\t\t\t\t\t<\/div>\n\t\t\t\t\t\t<\/div>\n\t\t\t\t<\/div>\n\t\t\t\t\t\t<\/div>\n\t\t\t\t\t<\/div>\n\t\t<\/div>\n\t\t\t\t\t\t\t\t<\/div>\n\t\t\t\t\t<\/div>\n\t\t<\/section>\n\t\t\t\t\t\t<\/div>\n\t\t\t\t\t\t<\/div>\n\t\t\t\t\t<\/div>\n\t\t","protected":false},"excerpt":{"rendered":"<p>Modalit\u00e9s d&rsquo;acc\u00e8s \u00e0 votre formation Formation en E-learning Une de nos formation en E-learning vous int\u00e9resse? Inscrivez-vous directement gr\u00e2ce au formulaire en ligne. Lorsque nous aurons re\u00e7u votre inscription, nous&hellip; <br \/> <a class=\"read-more\" href=\"https:\/\/www.adaf04.fr\/index.php\/elementor-1275\/\">Lire la suite<\/a><\/p>\n","protected":false},"author":1,"featured_media":0,"parent":0,"menu_order":0,"comment_status":"closed","ping_status":"closed","template":"","meta":[],"_links":{"self":[{"href":"https:\/\/www.adaf04.fr\/index.php\/wp-json\/wp\/v2\/pages\/1275"}],"collection":[{"href":"https:\/\/www.adaf04.fr\/index.php\/wp-json\/wp\/v2\/pages"}],"about":[{"href":"https:\/\/www.adaf04.fr\/index.php\/wp-json\/wp\/v2\/types\/page"}],"author":[{"embeddable":true,"href":"https:\/\/www.adaf04.fr\/index.php\/wp-json\/wp\/v2\/users\/1"}],"replies":[{"embeddable":true,"href":"https:\/\/www.adaf04.fr\/index.php\/wp-json\/wp\/v2\/comments?post=1275"}],"version-history":[{"count":29,"href":"https:\/\/www.adaf04.fr\/index.php\/wp-json\/wp\/v2\/pages\/1275\/revisions"}],"predecessor-version":[{"id":1784,"href":"https:\/\/www.adaf04.fr\/index.php\/wp-json\/wp\/v2\/pages\/1275\/revisions\/1784"}],"wp:attachment":[{"href":"https:\/\/www.adaf04.fr\/index.php\/wp-json\/wp\/v2\/media?parent=1275"}],"curies":[{"name":"wp","href":"https:\/\/api.w.org\/{rel}","templated":true}]}}