{"id":103,"date":"2020-04-14T17:19:55","date_gmt":"2020-04-14T15:19:55","guid":{"rendered":"http:\/\/www.adaf04.fr\/?page_id=103"},"modified":"2025-03-24T15:17:28","modified_gmt":"2025-03-24T14:17:28","slug":"devis","status":"publish","type":"page","link":"https:\/\/www.adaf04.fr\/index.php\/devis\/","title":{"rendered":"Devis"},"content":{"rendered":"\t\t<div data-elementor-type=\"wp-page\" data-elementor-id=\"103\" class=\"elementor elementor-103\" data-elementor-settings=\"[]\">\n\t\t\t\t\t\t<div class=\"elementor-inner\">\n\t\t\t\t\t\t\t<div class=\"elementor-section-wrap\">\n\t\t\t\t\t\t\t<section class=\"elementor-section elementor-top-section elementor-element elementor-element-7540c95e elementor-section-boxed elementor-section-height-default elementor-section-height-default\" data-id=\"7540c95e\" data-element_type=\"section\">\n\t\t\t\t\t\t<div class=\"elementor-container elementor-column-gap-default\">\n\t\t\t\t\t\t\t<div class=\"elementor-row\">\n\t\t\t\t\t<div class=\"elementor-column elementor-col-100 elementor-top-column elementor-element elementor-element-155823b\" data-id=\"155823b\" data-element_type=\"column\">\n\t\t\t<div class=\"elementor-column-wrap elementor-element-populated\">\n\t\t\t\t\t\t\t<div class=\"elementor-widget-wrap\">\n\t\t\t\t\t\t<div class=\"elementor-element elementor-element-7b644ed4 elementor-widget elementor-widget-text-editor\" data-id=\"7b644ed4\" data-element_type=\"widget\" data-widget_type=\"text-editor.default\">\n\t\t\t\t<div class=\"elementor-widget-container\">\n\t\t\t\t\t\t\t\t<div class=\"elementor-text-editor elementor-clearfix\">\n\t\t\t\t<p><!-- wp:heading {\"level\":3} --><\/p>\n<h3>Vous souhaitez un devis concernant une formation du catalogue ou vous avez un cahier des charges et vous souhaitez conna\u00eetre nos tarifs de prestations ? <br \/>Alors n&rsquo;h\u00e9sitez plus, vous pouvez nous contacter ou remplir la demande de devis en ligne.<\/h3>\n<p><!-- \/wp:heading --><\/p>\n<p><!-- wp:html --><br \/><i>\n\t\t\t<form id=\"sib_signup_form_1\" method=\"post\" class=\"sib_signup_form\">\n\t\t\t\t<div class=\"sib_loader\" style=\"display:none;\"><img\n\t\t\t\t\t\t\tsrc=\"https:\/\/www.adaf04.fr\/wp-includes\/images\/spinner.gif\" alt=\"loader\"><\/div>\n\t\t\t\t<input type=\"hidden\" name=\"sib_form_action\" value=\"subscribe_form_submit\">\n\t\t\t\t<input type=\"hidden\" name=\"sib_form_id\" value=\"1\">\n                <input type=\"hidden\" name=\"sib_form_alert_notice\" value=\"Please fill out this field\">\n                <input type=\"hidden\" name=\"sib_form_invalid_email_notice\" value=\"Your email address is invalid\">\n                <input type=\"hidden\" name=\"sib_security\" value=\"fb49a78734\">\n\t\t\t\t<div class=\"sib_signup_box_inside_1\">\n\t\t\t\t\t<div style=\"\/*display:none*\/\" class=\"sib_msg_disp\">\n\t\t\t\t\t<\/div>\n                    \t\t\t\t\t<p class=\"sib-email-area\">\r\n    Adresse mail*\r\n    <input type=\"email\" class=\"sib-email-area\" name=\"email\" required=\"required\">\r\n<\/p>\r\n<p class=\"sib-COMMENTAIRE-area\"> \r\n    <label class=\"sib-COMMENTAIRE-area\">COMMENTAIRE<\/label> \r\n    <input type=\"text\" class=\"sib-COMMENTAIRE-area\" name=\"COMMENTAIRE\"> \r\n<\/p>\r\n<p class=\"sib-NOM-area\">\r\n    NOM\r\n    <input type=\"text\" class=\"sib-LASTNAME-area\" name=\"LASTNAME\">\r\n<\/p>\r\n<p class=\"sib-ENTREPRISE-area\"> \r\n    <label class=\"sib-ENTREPRISE-area\">ENTREPRISE<\/label> \r\n    <input type=\"text\" class=\"sib-ENTREPRISE-area\" name=\"ENTREPRISE\"> \r\n<\/p>\r\n\r\n<p> \r\n    <input type=\"submit\" class=\"sib-default-btn\" name=\"submit\" value=\"Subscribe\"> \r\n<\/p>\r\n   \r\n\r\n\t\t\t\t<\/div>\n\t\t\t<\/form>\n\t\t\t<style>\n\t\t\t\tform#sib_signup_form_1 p.sib-alert-message {\n    padding: 6px 12px;\n    margin-bottom: 20px;\n    border: 1px solid transparent;\n    border-radius: 4px;\n    -webkit-box-sizing: border-box;\n    -moz-box-sizing: border-box;\n    box-sizing: border-box;\n}\nform#sib_signup_form_1 p.sib-alert-message-error {\n    background-color: #f2dede;\n    border-color: #ebccd1;\n    color: #a94442;\n}\nform#sib_signup_form_1 p.sib-alert-message-success {\n    background-color: #dff0d8;\n    border-color: #d6e9c6;\n    color: #3c763d;\n}\nform#sib_signup_form_1 p.sib-alert-message-warning {\n    background-color: #fcf8e3;\n    border-color: #faebcc;\n    color: #8a6d3b;\n}\n\t\t\t<\/style>\n\t\t\t\u00a0<\/i><br \/><!-- \/wp:html --><\/p>\n<p><!-- wp:paragraph --><\/p>\n<p>\u00a0<\/p>\n<p><strong>Notre politique de confidentialit\u00e9 :<\/strong><br \/>Les informations personnelles recueillies par ce formulaire contact ont pour seule finalit\u00e9 de r\u00e9pondre \u00e0 vos questions et vous informer sur nos derni\u00e8res formations. Les donn\u00e9es en question sont li\u00e9es \u00e0 l\u2019identit\u00e9, adresse mail.\u00a0<\/p>\n<p><!-- \/wp:paragraph --><\/p>\n<p><!-- wp:paragraph --><\/p>\n<p>Ces informations sont trait\u00e9es par le responsable administratif d\u2019Alpes Durance Ateliers Formations (Mme Arnoux Emmanuelle \u2013\u00a0<a href=\"mailto:direction@adaf04.fr\">direction@adaf04.fr<\/a>)\u00a0<\/p>\n<p><!-- \/wp:paragraph --><\/p>\n<p><!-- wp:paragraph --><\/p>\n<p>Les donn\u00e9es personnelles sont conserv\u00e9es dans le fichier client durant 3 ans. Ce dernier peut \u00e0 tout moment r\u00e9clamer sa suppression par simple demande \u00e9crit \u00e0\u00a0<a href=\"mailto:direction@adaf04.fr\">direction@adaf04.fr<\/a>.<\/p>\n<p><!-- \/wp:paragraph --><\/p>\t\t\t\t\t<\/div>\n\t\t\t\t\t\t<\/div>\n\t\t\t\t<\/div>\n\t\t\t\t\t\t<\/div>\n\t\t\t\t\t<\/div>\n\t\t<\/div>\n\t\t\t\t\t\t\t\t<\/div>\n\t\t\t\t\t<\/div>\n\t\t<\/section>\n\t\t\t\t\t\t<\/div>\n\t\t\t\t\t\t<\/div>\n\t\t\t\t\t<\/div>\n\t\t","protected":false},"excerpt":{"rendered":"<p>Vous souhaitez un devis concernant une formation du catalogue ou vous avez un cahier des charges et vous souhaitez conna\u00eetre nos tarifs de prestations ? Alors n&rsquo;h\u00e9sitez plus, vous pouvez&hellip; <br \/> <a class=\"read-more\" href=\"https:\/\/www.adaf04.fr\/index.php\/devis\/\">Lire la suite<\/a><\/p>\n","protected":false},"author":1,"featured_media":0,"parent":0,"menu_order":0,"comment_status":"closed","ping_status":"closed","template":"","meta":[],"_links":{"self":[{"href":"https:\/\/www.adaf04.fr\/index.php\/wp-json\/wp\/v2\/pages\/103"}],"collection":[{"href":"https:\/\/www.adaf04.fr\/index.php\/wp-json\/wp\/v2\/pages"}],"about":[{"href":"https:\/\/www.adaf04.fr\/index.php\/wp-json\/wp\/v2\/types\/page"}],"author":[{"embeddable":true,"href":"https:\/\/www.adaf04.fr\/index.php\/wp-json\/wp\/v2\/users\/1"}],"replies":[{"embeddable":true,"href":"https:\/\/www.adaf04.fr\/index.php\/wp-json\/wp\/v2\/comments?post=103"}],"version-history":[{"count":21,"href":"https:\/\/www.adaf04.fr\/index.php\/wp-json\/wp\/v2\/pages\/103\/revisions"}],"predecessor-version":[{"id":1845,"href":"https:\/\/www.adaf04.fr\/index.php\/wp-json\/wp\/v2\/pages\/103\/revisions\/1845"}],"wp:attachment":[{"href":"https:\/\/www.adaf04.fr\/index.php\/wp-json\/wp\/v2\/media?parent=103"}],"curies":[{"name":"wp","href":"https:\/\/api.w.org\/{rel}","templated":true}]}}